{"id":2748,"date":"2023-08-17T13:07:37","date_gmt":"2023-08-17T13:07:37","guid":{"rendered":"http:\/\/smartchance.de\/?page_id=2748"},"modified":"2025-09-29T09:20:53","modified_gmt":"2025-09-29T09:20:53","slug":"contact-us-01-deutsch","status":"publish","type":"page","link":"https:\/\/www.smartchance.de\/?page_id=2748","title":{"rendered":"Kontakt"},"content":{"rendered":"<section class=\"wpb-content-wrapper\"><p>[vc_row lg_spacing=&#8221;padding_bottom:20&#8243;][vc_column][tm_heading tag=&#8221;div&#8221; custom_google_font=&#8221;&#8221; align=&#8221;center&#8221; text=&#8221;Rufen Sie uns an oder schreiben Sie uns eine E-Mail \u2013 wir freuen uns darauf, von Ihnen zu h\u00f6ren. Ob Sie erste Fragen haben oder schon konkrete Vorstellungen: Wir nehmen uns Zeit, h\u00f6ren zu und beraten Sie pers\u00f6nlich und unverbindlich.&#8221; font_size=&#8221;lg:18&#8243; max_width=&#8221;770px&#8221;][tm_spacer size=&#8221;lg:80&#8243;][vc_row_inner content_placement=&#8221;middle&#8221;][vc_column_inner content_alignment=&#8221;center&#8221; max_width=&#8221;100%&#8221;][tm_box_icon style=&#8221;3&#8243; align=&#8221;center&#8221; custom_border_color=&#8221;#d4d2d2&#8243; border_style=&#8221;dashed&#8221; image=&#8221;3718&#8243; heading=&#8221;Standort&#8221; text=&#8221;76275 Ettlingen, Germany<br \/>\nAnschrift: Postfach 10 07 03, 76261 Ettlingen&#8221; button=&#8221;|||&#8221; lg_spacing=&#8221;margin_bottom:30;border_bottom:1;padding_bottom:30&#8243;][tm_box_icon style=&#8221;3&#8243; align=&#8221;center&#8221; custom_border_color=&#8221;#d4d2d2&#8243; border_style=&#8221;dashed&#8221; image=&#8221;3717&#8243; heading=&#8221;Telefonzentrale&#8221; text=&#8221;+49 7243 3542890&#8243; button=&#8221;|||&#8221; lg_spacing=&#8221;margin_bottom:30;border_bottom:1;padding_bottom:30&#8243;][tm_box_icon style=&#8221;3&#8243; align=&#8221;center&#8221; custom_border_color=&#8221;#d4d2d2&#8243; border_style=&#8221;dashed&#8221; image=&#8221;3719&#8243; heading=&#8221;E-Mail&#8221; text=&#8221;info@smartchance.de<br \/>\nbarani@smartchance.de<br \/>\nliese@smartchance.de&#8221; button=&#8221;|||&#8221;][tm_social_networks style=&#8221;solid-rounded-icon-02&#8243; align=&#8221;center&#8221; items=&#8221;%5B%7B%22title%22%3A%22Linkedin%22%2C%22link%22%3A%22https%3A%2F%2Fwww.linkedin.com%2Fcompany%2Fsmartchance-gmbh%22%2C%22icon_type%22%3A%22fontawesome5%22%2C%22icon_fontawesome5%22%3A%22fab%20fa-linkedin-in%22%7D%5D&#8221;][\/vc_column_inner][\/vc_row_inner][\/vc_column][\/vc_row]<\/p>\n<\/section>","protected":false},"excerpt":{"rendered":"<p>[vc_row lg_spacing=&#8221;padding_bottom:20&#8243;][vc_column][tm_heading tag=&#8221;div&#8221; custom_google_font=&#8221;&#8221; align=&#8221;center&#8221; text=&#8221;Rufen Sie uns an oder schreiben Sie uns eine E-Mail \u2013 wir freuen uns darauf, von Ihnen zu h\u00f6ren. Ob Sie erste Fragen haben oder schon konkrete Vorstellungen: Wir nehmen uns Zeit, h\u00f6ren zu und beraten Sie pers\u00f6nlich und unverbindlich.&#8221; font_size=&#8221;lg:18&#8243; max_width=&#8221;770px&#8221;][tm_spacer size=&#8221;lg:80&#8243;][vc_row_inner content_placement=&#8221;middle&#8221;][vc_column_inner content_alignment=&#8221;center&#8221; max_width=&#8221;100%&#8221;][tm_box_icon style=&#8221;3&#8243; align=&#8221;center&#8221; custom_border_color=&#8221;#d4d2d2&#8243; border_style=&#8221;dashed&#8221; image=&#8221;3718&#8243; heading=&#8221;Standort&#8221; text=&#8221;76275 Ettlingen, Germany Anschrift: Postfach 10 07 03, 76261 Ettlingen&#8221; button=&#8221;|||&#8221; lg_spacing=&#8221;margin_bottom:30;border_bottom:1;padding_bottom:30&#8243;][tm_box_icon style=&#8221;3&#8243; align=&#8221;center&#8221; custom_border_color=&#8221;#d4d2d2&#8243; border_style=&#8221;dashed&#8221; image=&#8221;3717&#8243; heading=&#8221;Telefonzentrale&#8221; text=&#8221;+49 7243 3542890&#8243; button=&#8221;|||&#8221; lg_spacing=&#8221;margin_bottom:30;border_bottom:1;padding_bottom:30&#8243;][tm_box_icon style=&#8221;3&#8243; align=&#8221;center&#8221; custom_border_color=&#8221;#d4d2d2&#8243; border_style=&#8221;dashed&#8221; image=&#8221;3719&#8243; heading=&#8221;E-Mail&#8221; text=&#8221;info@smartchance.de barani@smartchance.de liese@smartchance.de&#8221; button=&#8221;|||&#8221;][tm_social_networks style=&#8221;solid-rounded-icon-02&#8243; align=&#8221;center&#8221; items=&#8221;%5B%7B%22title%22%3A%22Linkedin%22%2C%22link%22%3A%22https%3A%2F%2Fwww.linkedin.com%2Fcompany%2Fsmartchance-gmbh%22%2C%22icon_type%22%3A%22fontawesome5%22%2C%22icon_fontawesome5%22%3A%22fab%20fa-linkedin-in%22%7D%5D&#8221;][\/vc_column_inner][\/vc_row_inner][\/vc_column][\/vc_row]<\/p>\n","protected":false},"author":6,"featured_media":0,"parent":0,"menu_order":0,"comment_status":"closed","ping_status":"closed","template":"","meta":{"footnotes":""},"class_list":["post-2748","page","type-page","status-publish","hentry"],"yoast_head":"<!-- This site is optimized with the Yoast SEO plugin v25.8 - https:\/\/yoast.com\/wordpress\/plugins\/seo\/ -->\n<title>Kontakt - SmartChance GmbH - Smarthomes &amp; IT-Consulting<\/title>\n<meta name=\"robots\" content=\"index, follow, max-snippet:-1, max-image-preview:large, max-video-preview:-1\" \/>\n<link rel=\"canonical\" href=\"https:\/\/www.smartchance.de\/?page_id=2748\" \/>\n<meta property=\"og:locale\" content=\"en_US\" \/>\n<meta property=\"og:type\" content=\"article\" \/>\n<meta property=\"og:title\" content=\"Kontakt - SmartChance GmbH - Smarthomes &amp; IT-Consulting\" \/>\n<meta property=\"og:description\" content=\"[vc_row lg_spacing=&#8221;padding_bottom:20&#8243;][vc_column][tm_heading tag=&#8221;div&#8221; custom_google_font=&#8221;&#8221; align=&#8221;center&#8221; text=&#8221;Rufen Sie uns an oder schreiben Sie uns eine E-Mail \u2013 wir freuen uns darauf, von Ihnen zu h\u00f6ren. Ob Sie erste Fragen haben oder schon konkrete Vorstellungen: Wir nehmen uns Zeit, h\u00f6ren zu und beraten Sie pers\u00f6nlich und unverbindlich.&#8221; font_size=&#8221;lg:18&#8243; max_width=&#8221;770px&#8221;][tm_spacer size=&#8221;lg:80&#8243;][vc_row_inner content_placement=&#8221;middle&#8221;][vc_column_inner content_alignment=&#8221;center&#8221; max_width=&#8221;100%&#8221;][tm_box_icon style=&#8221;3&#8243; align=&#8221;center&#8221; custom_border_color=&#8221;#d4d2d2&#8243; border_style=&#8221;dashed&#8221; image=&#8221;3718&#8243; heading=&#8221;Standort&#8221; text=&#8221;76275 Ettlingen, Germany Anschrift: Postfach 10 07 03, 76261 Ettlingen&#8221; button=&#8221;|||&#8221; lg_spacing=&#8221;margin_bottom:30;border_bottom:1;padding_bottom:30&#8243;][tm_box_icon style=&#8221;3&#8243; align=&#8221;center&#8221; custom_border_color=&#8221;#d4d2d2&#8243; border_style=&#8221;dashed&#8221; image=&#8221;3717&#8243; heading=&#8221;Telefonzentrale&#8221; text=&#8221;+49 7243 3542890&#8243; button=&#8221;|||&#8221; lg_spacing=&#8221;margin_bottom:30;border_bottom:1;padding_bottom:30&#8243;][tm_box_icon style=&#8221;3&#8243; align=&#8221;center&#8221; custom_border_color=&#8221;#d4d2d2&#8243; border_style=&#8221;dashed&#8221; image=&#8221;3719&#8243; heading=&#8221;E-Mail&#8221; text=&#8221;info@smartchance.de barani@smartchance.de liese@smartchance.de&#8221; button=&#8221;|||&#8221;][tm_social_networks style=&#8221;solid-rounded-icon-02&#8243; align=&#8221;center&#8221; items=&#8221;%5B%7B%22title%22%3A%22Linkedin%22%2C%22link%22%3A%22https%3A%2F%2Fwww.linkedin.com%2Fcompany%2Fsmartchance-gmbh%22%2C%22icon_type%22%3A%22fontawesome5%22%2C%22icon_fontawesome5%22%3A%22fab%20fa-linkedin-in%22%7D%5D&#8221;][\/vc_column_inner][\/vc_row_inner][\/vc_column][\/vc_row]\" \/>\n<meta property=\"og:url\" content=\"https:\/\/www.smartchance.de\/?page_id=2748\" \/>\n<meta property=\"og:site_name\" content=\"SmartChance GmbH - Smarthomes &amp; IT-Consulting\" \/>\n<meta property=\"article:publisher\" content=\"https:\/\/www.facebook.com\/profile.php?id=100092407712326\" \/>\n<meta property=\"article:modified_time\" content=\"2025-09-29T09:20:53+00:00\" \/>\n<meta name=\"twitter:card\" content=\"summary_large_image\" \/>\n<meta name=\"twitter:label1\" content=\"Est. reading time\" \/>\n\t<meta name=\"twitter:data1\" content=\"2 minutes\" \/>\n<script type=\"application\/ld+json\" class=\"yoast-schema-graph\">{\"@context\":\"https:\/\/schema.org\",\"@graph\":[{\"@type\":\"WebPage\",\"@id\":\"https:\/\/www.smartchance.de\/?page_id=2748\",\"url\":\"https:\/\/www.smartchance.de\/?page_id=2748\",\"name\":\"Kontakt - SmartChance GmbH - Smarthomes &amp; IT-Consulting\",\"isPartOf\":{\"@id\":\"https:\/\/www.smartchance.de\/#website\"},\"datePublished\":\"2023-08-17T13:07:37+00:00\",\"dateModified\":\"2025-09-29T09:20:53+00:00\",\"breadcrumb\":{\"@id\":\"https:\/\/www.smartchance.de\/?page_id=2748#breadcrumb\"},\"inLanguage\":\"en-US\",\"potentialAction\":[{\"@type\":\"ReadAction\",\"target\":[\"https:\/\/www.smartchance.de\/?page_id=2748\"]}]},{\"@type\":\"BreadcrumbList\",\"@id\":\"https:\/\/www.smartchance.de\/?page_id=2748#breadcrumb\",\"itemListElement\":[{\"@type\":\"ListItem\",\"position\":1,\"name\":\"Home\",\"item\":\"https:\/\/www.smartchance.de\/\"},{\"@type\":\"ListItem\",\"position\":2,\"name\":\"Kontakt\"}]},{\"@type\":\"WebSite\",\"@id\":\"https:\/\/www.smartchance.de\/#website\",\"url\":\"https:\/\/www.smartchance.de\/\",\"name\":\"SmartChance GmbH - Smarthomes & IT-Consulting\",\"description\":\"Smarthomes und IT Beratung\",\"publisher\":{\"@id\":\"https:\/\/www.smartchance.de\/#organization\"},\"potentialAction\":[{\"@type\":\"SearchAction\",\"target\":{\"@type\":\"EntryPoint\",\"urlTemplate\":\"https:\/\/www.smartchance.de\/?s={search_term_string}\"},\"query-input\":{\"@type\":\"PropertyValueSpecification\",\"valueRequired\":true,\"valueName\":\"search_term_string\"}}],\"inLanguage\":\"en-US\"},{\"@type\":\"Organization\",\"@id\":\"https:\/\/www.smartchance.de\/#organization\",\"name\":\"SmartChance GmbH - Smarthomes & IT-Consulting\",\"url\":\"https:\/\/www.smartchance.de\/\",\"logo\":{\"@type\":\"ImageObject\",\"inLanguage\":\"en-US\",\"@id\":\"https:\/\/www.smartchance.de\/#\/schema\/logo\/image\/\",\"url\":\"https:\/\/www.smartchance.de\/wp-content\/uploads\/2018\/10\/SmartChance_transparent.png\",\"contentUrl\":\"https:\/\/www.smartchance.de\/wp-content\/uploads\/2018\/10\/SmartChance_transparent.png\",\"width\":2898,\"height\":2742,\"caption\":\"SmartChance GmbH - Smarthomes & IT-Consulting\"},\"image\":{\"@id\":\"https:\/\/www.smartchance.de\/#\/schema\/logo\/image\/\"},\"sameAs\":[\"https:\/\/www.facebook.com\/profile.php?id=100092407712326\",\"https:\/\/www.linkedin.com\/company\/smartchance-gmbh\"]}]}<\/script>\n<!-- \/ Yoast SEO plugin. -->","yoast_head_json":{"title":"Kontakt - SmartChance GmbH - Smarthomes &amp; IT-Consulting","robots":{"index":"index","follow":"follow","max-snippet":"max-snippet:-1","max-image-preview":"max-image-preview:large","max-video-preview":"max-video-preview:-1"},"canonical":"https:\/\/www.smartchance.de\/?page_id=2748","og_locale":"en_US","og_type":"article","og_title":"Kontakt - SmartChance GmbH - Smarthomes &amp; IT-Consulting","og_description":"[vc_row lg_spacing=&#8221;padding_bottom:20&#8243;][vc_column][tm_heading tag=&#8221;div&#8221; custom_google_font=&#8221;&#8221; align=&#8221;center&#8221; text=&#8221;Rufen Sie uns an oder schreiben Sie uns eine E-Mail \u2013 wir freuen uns darauf, von Ihnen zu h\u00f6ren. Ob Sie erste Fragen haben oder schon konkrete Vorstellungen: Wir nehmen uns Zeit, h\u00f6ren zu und beraten Sie pers\u00f6nlich und unverbindlich.&#8221; font_size=&#8221;lg:18&#8243; max_width=&#8221;770px&#8221;][tm_spacer size=&#8221;lg:80&#8243;][vc_row_inner content_placement=&#8221;middle&#8221;][vc_column_inner content_alignment=&#8221;center&#8221; max_width=&#8221;100%&#8221;][tm_box_icon style=&#8221;3&#8243; align=&#8221;center&#8221; custom_border_color=&#8221;#d4d2d2&#8243; border_style=&#8221;dashed&#8221; image=&#8221;3718&#8243; heading=&#8221;Standort&#8221; text=&#8221;76275 Ettlingen, Germany Anschrift: Postfach 10 07 03, 76261 Ettlingen&#8221; button=&#8221;|||&#8221; lg_spacing=&#8221;margin_bottom:30;border_bottom:1;padding_bottom:30&#8243;][tm_box_icon style=&#8221;3&#8243; align=&#8221;center&#8221; custom_border_color=&#8221;#d4d2d2&#8243; border_style=&#8221;dashed&#8221; image=&#8221;3717&#8243; heading=&#8221;Telefonzentrale&#8221; text=&#8221;+49 7243 3542890&#8243; button=&#8221;|||&#8221; lg_spacing=&#8221;margin_bottom:30;border_bottom:1;padding_bottom:30&#8243;][tm_box_icon style=&#8221;3&#8243; align=&#8221;center&#8221; custom_border_color=&#8221;#d4d2d2&#8243; border_style=&#8221;dashed&#8221; image=&#8221;3719&#8243; heading=&#8221;E-Mail&#8221; text=&#8221;info@smartchance.de barani@smartchance.de liese@smartchance.de&#8221; button=&#8221;|||&#8221;][tm_social_networks style=&#8221;solid-rounded-icon-02&#8243; align=&#8221;center&#8221; items=&#8221;%5B%7B%22title%22%3A%22Linkedin%22%2C%22link%22%3A%22https%3A%2F%2Fwww.linkedin.com%2Fcompany%2Fsmartchance-gmbh%22%2C%22icon_type%22%3A%22fontawesome5%22%2C%22icon_fontawesome5%22%3A%22fab%20fa-linkedin-in%22%7D%5D&#8221;][\/vc_column_inner][\/vc_row_inner][\/vc_column][\/vc_row]","og_url":"https:\/\/www.smartchance.de\/?page_id=2748","og_site_name":"SmartChance GmbH - Smarthomes &amp; IT-Consulting","article_publisher":"https:\/\/www.facebook.com\/profile.php?id=100092407712326","article_modified_time":"2025-09-29T09:20:53+00:00","twitter_card":"summary_large_image","twitter_misc":{"Est. reading time":"2 minutes"},"schema":{"@context":"https:\/\/schema.org","@graph":[{"@type":"WebPage","@id":"https:\/\/www.smartchance.de\/?page_id=2748","url":"https:\/\/www.smartchance.de\/?page_id=2748","name":"Kontakt - SmartChance GmbH - Smarthomes &amp; IT-Consulting","isPartOf":{"@id":"https:\/\/www.smartchance.de\/#website"},"datePublished":"2023-08-17T13:07:37+00:00","dateModified":"2025-09-29T09:20:53+00:00","breadcrumb":{"@id":"https:\/\/www.smartchance.de\/?page_id=2748#breadcrumb"},"inLanguage":"en-US","potentialAction":[{"@type":"ReadAction","target":["https:\/\/www.smartchance.de\/?page_id=2748"]}]},{"@type":"BreadcrumbList","@id":"https:\/\/www.smartchance.de\/?page_id=2748#breadcrumb","itemListElement":[{"@type":"ListItem","position":1,"name":"Home","item":"https:\/\/www.smartchance.de\/"},{"@type":"ListItem","position":2,"name":"Kontakt"}]},{"@type":"WebSite","@id":"https:\/\/www.smartchance.de\/#website","url":"https:\/\/www.smartchance.de\/","name":"SmartChance GmbH - Smarthomes & IT-Consulting","description":"Smarthomes und IT Beratung","publisher":{"@id":"https:\/\/www.smartchance.de\/#organization"},"potentialAction":[{"@type":"SearchAction","target":{"@type":"EntryPoint","urlTemplate":"https:\/\/www.smartchance.de\/?s={search_term_string}"},"query-input":{"@type":"PropertyValueSpecification","valueRequired":true,"valueName":"search_term_string"}}],"inLanguage":"en-US"},{"@type":"Organization","@id":"https:\/\/www.smartchance.de\/#organization","name":"SmartChance GmbH - Smarthomes & IT-Consulting","url":"https:\/\/www.smartchance.de\/","logo":{"@type":"ImageObject","inLanguage":"en-US","@id":"https:\/\/www.smartchance.de\/#\/schema\/logo\/image\/","url":"https:\/\/www.smartchance.de\/wp-content\/uploads\/2018\/10\/SmartChance_transparent.png","contentUrl":"https:\/\/www.smartchance.de\/wp-content\/uploads\/2018\/10\/SmartChance_transparent.png","width":2898,"height":2742,"caption":"SmartChance GmbH - Smarthomes & IT-Consulting"},"image":{"@id":"https:\/\/www.smartchance.de\/#\/schema\/logo\/image\/"},"sameAs":["https:\/\/www.facebook.com\/profile.php?id=100092407712326","https:\/\/www.linkedin.com\/company\/smartchance-gmbh"]}]}},"_links":{"self":[{"href":"https:\/\/www.smartchance.de\/index.php?rest_route=\/wp\/v2\/pages\/2748","targetHints":{"allow":["GET"]}}],"collection":[{"href":"https:\/\/www.smartchance.de\/index.php?rest_route=\/wp\/v2\/pages"}],"about":[{"href":"https:\/\/www.smartchance.de\/index.php?rest_route=\/wp\/v2\/types\/page"}],"author":[{"embeddable":true,"href":"https:\/\/www.smartchance.de\/index.php?rest_route=\/wp\/v2\/users\/6"}],"replies":[{"embeddable":true,"href":"https:\/\/www.smartchance.de\/index.php?rest_route=%2Fwp%2Fv2%2Fcomments&post=2748"}],"version-history":[{"count":17,"href":"https:\/\/www.smartchance.de\/index.php?rest_route=\/wp\/v2\/pages\/2748\/revisions"}],"predecessor-version":[{"id":3928,"href":"https:\/\/www.smartchance.de\/index.php?rest_route=\/wp\/v2\/pages\/2748\/revisions\/3928"}],"wp:attachment":[{"href":"https:\/\/www.smartchance.de\/index.php?rest_route=%2Fwp%2Fv2%2Fmedia&parent=2748"}],"curies":[{"name":"wp","href":"https:\/\/api.w.org\/{rel}","templated":true}]}}